{"id":22822,"date":"2026-02-13T17:00:26","date_gmt":"2026-02-13T16:00:26","guid":{"rendered":"https:\/\/eligor.idcomcrea.fr\/collectionneurs\/boutique\/600065-case-backhoe-loader-570v\/"},"modified":"2026-03-25T14:48:26","modified_gmt":"2026-03-25T13:48:26","slug":"600065-case-backhoe-loader-570v","status":"publish","type":"product","link":"https:\/\/eligor.idcomcrea.fr\/en\/collectionneurs\/boutique\/600065-case-backhoe-loader-570v\/","title":{"rendered":"600065 CASE BACKHOE LOADER 570V"},"content":{"rendered":"","protected":false},"excerpt":{"rendered":"<p>CASE BACKHOE LOADER 570V<\/p>\n<p>mod\u00e8le \u00e0 l&#8217;\u00e9chelle 1\/50 en m\u00e9tal<\/p>\n","protected":false},"featured_media":22821,"template":"","meta":{"_acf_changed":false},"product_brand":[],"product_cat":[198],"product_tag":[],"type_vehicule":[301],"marque_vehicule":[302],"theme_vehicule":[303],"class_list":{"0":"post-22822","1":"product","2":"type-product","3":"status-publish","4":"has-post-thumbnail","6":"product_cat-nc","7":"type_vehicule-vehicules-tp-en","8":"marque_vehicule-case-en","9":"theme_vehicule-tp-en","11":"first","12":"instock","13":"taxable","14":"shipping-taxable","15":"purchasable","16":"product-type-simple"},"acf":[],"_links":{"self":[{"href":"https:\/\/eligor.idcomcrea.fr\/en\/wp-json\/wp\/v2\/product\/22822","targetHints":{"allow":["GET"]}}],"collection":[{"href":"https:\/\/eligor.idcomcrea.fr\/en\/wp-json\/wp\/v2\/product"}],"about":[{"href":"https:\/\/eligor.idcomcrea.fr\/en\/wp-json\/wp\/v2\/types\/product"}],"wp:featuredmedia":[{"embeddable":true,"href":"https:\/\/eligor.idcomcrea.fr\/en\/wp-json\/wp\/v2\/media\/22821"}],"wp:attachment":[{"href":"https:\/\/eligor.idcomcrea.fr\/en\/wp-json\/wp\/v2\/media?parent=22822"}],"wp:term":[{"taxonomy":"product_brand","embeddable":true,"href":"https:\/\/eligor.idcomcrea.fr\/en\/wp-json\/wp\/v2\/product_brand?post=22822"},{"taxonomy":"product_cat","embeddable":true,"href":"https:\/\/eligor.idcomcrea.fr\/en\/wp-json\/wp\/v2\/product_cat?post=22822"},{"taxonomy":"product_tag","embeddable":true,"href":"https:\/\/eligor.idcomcrea.fr\/en\/wp-json\/wp\/v2\/product_tag?post=22822"},{"taxonomy":"type_vehicule","embeddable":true,"href":"https:\/\/eligor.idcomcrea.fr\/en\/wp-json\/wp\/v2\/type_vehicule?post=22822"},{"taxonomy":"marque_vehicule","embeddable":true,"href":"https:\/\/eligor.idcomcrea.fr\/en\/wp-json\/wp\/v2\/marque_vehicule?post=22822"},{"taxonomy":"theme_vehicule","embeddable":true,"href":"https:\/\/eligor.idcomcrea.fr\/en\/wp-json\/wp\/v2\/theme_vehicule?post=22822"}],"curies":[{"name":"wp","href":"https:\/\/api.w.org\/{rel}","templated":true}]}}