{"id":22814,"date":"2026-02-13T16:43:47","date_gmt":"2026-02-13T15:43:47","guid":{"rendered":"https:\/\/eligor.idcomcrea.fr\/collectionneurs\/boutique\/118674-renault-t480-remorque-tautliner-oleo-groupe-alaine\/"},"modified":"2026-03-25T14:48:14","modified_gmt":"2026-03-25T13:48:14","slug":"118674-renault-t480-remorque-tautliner-oleo-groupe-alaine","status":"publish","type":"product","link":"https:\/\/eligor.idcomcrea.fr\/en\/collectionneurs\/boutique\/118674-renault-t480-remorque-tautliner-oleo-groupe-alaine\/","title":{"rendered":"118674 RENAULT T480 REMORQUE TAUTLINER OLEO GROUPE ALAINE"},"content":{"rendered":"","protected":false},"excerpt":{"rendered":"<p>RENAULT T480 REMORQUE TAUTLINER OLEO GROUPE ALAINE<\/p>\n<p>mod\u00e8le d\u00e9taill\u00e9 \u00e0 l&#8217;\u00e9chelle 1\/43<\/p>\n","protected":false},"featured_media":22813,"template":"","meta":{"_acf_changed":false},"product_brand":[],"product_cat":[198,202],"product_tag":[],"type_vehicule":[208],"marque_vehicule":[217],"theme_vehicule":[],"class_list":{"0":"post-22814","1":"product","2":"type-product","3":"status-publish","4":"has-post-thumbnail","6":"product_cat-nc","7":"product_cat-renault-en","8":"type_vehicule-truck","9":"marque_vehicule-renault-en","11":"first","12":"instock","13":"taxable","14":"shipping-taxable","15":"purchasable","16":"product-type-simple"},"acf":[],"_links":{"self":[{"href":"https:\/\/eligor.idcomcrea.fr\/en\/wp-json\/wp\/v2\/product\/22814","targetHints":{"allow":["GET"]}}],"collection":[{"href":"https:\/\/eligor.idcomcrea.fr\/en\/wp-json\/wp\/v2\/product"}],"about":[{"href":"https:\/\/eligor.idcomcrea.fr\/en\/wp-json\/wp\/v2\/types\/product"}],"wp:featuredmedia":[{"embeddable":true,"href":"https:\/\/eligor.idcomcrea.fr\/en\/wp-json\/wp\/v2\/media\/22813"}],"wp:attachment":[{"href":"https:\/\/eligor.idcomcrea.fr\/en\/wp-json\/wp\/v2\/media?parent=22814"}],"wp:term":[{"taxonomy":"product_brand","embeddable":true,"href":"https:\/\/eligor.idcomcrea.fr\/en\/wp-json\/wp\/v2\/product_brand?post=22814"},{"taxonomy":"product_cat","embeddable":true,"href":"https:\/\/eligor.idcomcrea.fr\/en\/wp-json\/wp\/v2\/product_cat?post=22814"},{"taxonomy":"product_tag","embeddable":true,"href":"https:\/\/eligor.idcomcrea.fr\/en\/wp-json\/wp\/v2\/product_tag?post=22814"},{"taxonomy":"type_vehicule","embeddable":true,"href":"https:\/\/eligor.idcomcrea.fr\/en\/wp-json\/wp\/v2\/type_vehicule?post=22814"},{"taxonomy":"marque_vehicule","embeddable":true,"href":"https:\/\/eligor.idcomcrea.fr\/en\/wp-json\/wp\/v2\/marque_vehicule?post=22814"},{"taxonomy":"theme_vehicule","embeddable":true,"href":"https:\/\/eligor.idcomcrea.fr\/en\/wp-json\/wp\/v2\/theme_vehicule?post=22814"}],"curies":[{"name":"wp","href":"https:\/\/api.w.org\/{rel}","templated":true}]}}