{"id":22747,"date":"2026-01-27T10:13:25","date_gmt":"2026-01-27T09:13:25","guid":{"rendered":"https:\/\/eligor.idcomcrea.fr\/collectionneurs\/boutique\/22744\/"},"modified":"2026-03-25T14:48:06","modified_gmt":"2026-03-25T13:48:06","slug":"22744","status":"publish","type":"product","link":"https:\/\/eligor.idcomcrea.fr\/en\/collectionneurs\/boutique\/22744\/","title":{"rendered":"VOLVO FH AERO SEMI FRIGO DAGAB"},"content":{"rendered":"","protected":false},"excerpt":{"rendered":"<p><span data-teams=\"true\">VOLVO FH AERO SEMI FRIGO DAGAB<\/span><\/p>\n<p>mod\u00e8le d\u00e9taill\u00e9 \u00e0 l&#8217;\u00e9chelle 1\/43\u00e8me<\/p>\n<p>Nice detailed model at scale 1\/43, tiltable cab in metal<\/p>\n","protected":false},"featured_media":22746,"template":"","meta":{"_acf_changed":false},"product_brand":[],"product_cat":[201,204],"product_tag":[295],"type_vehicule":[208],"marque_vehicule":[219],"theme_vehicule":[],"class_list":{"0":"post-22747","1":"product","2":"type-product","3":"status-publish","4":"has-post-thumbnail","6":"product_cat-camion-en-2","7":"product_cat-volvo-en","8":"product_tag-118681-en","9":"type_vehicule-truck","10":"marque_vehicule-volvo-en","12":"first","13":"instock","14":"taxable","15":"shipping-taxable","16":"purchasable","17":"product-type-simple"},"acf":[],"_links":{"self":[{"href":"https:\/\/eligor.idcomcrea.fr\/en\/wp-json\/wp\/v2\/product\/22747","targetHints":{"allow":["GET"]}}],"collection":[{"href":"https:\/\/eligor.idcomcrea.fr\/en\/wp-json\/wp\/v2\/product"}],"about":[{"href":"https:\/\/eligor.idcomcrea.fr\/en\/wp-json\/wp\/v2\/types\/product"}],"wp:featuredmedia":[{"embeddable":true,"href":"https:\/\/eligor.idcomcrea.fr\/en\/wp-json\/wp\/v2\/media\/22746"}],"wp:attachment":[{"href":"https:\/\/eligor.idcomcrea.fr\/en\/wp-json\/wp\/v2\/media?parent=22747"}],"wp:term":[{"taxonomy":"product_brand","embeddable":true,"href":"https:\/\/eligor.idcomcrea.fr\/en\/wp-json\/wp\/v2\/product_brand?post=22747"},{"taxonomy":"product_cat","embeddable":true,"href":"https:\/\/eligor.idcomcrea.fr\/en\/wp-json\/wp\/v2\/product_cat?post=22747"},{"taxonomy":"product_tag","embeddable":true,"href":"https:\/\/eligor.idcomcrea.fr\/en\/wp-json\/wp\/v2\/product_tag?post=22747"},{"taxonomy":"type_vehicule","embeddable":true,"href":"https:\/\/eligor.idcomcrea.fr\/en\/wp-json\/wp\/v2\/type_vehicule?post=22747"},{"taxonomy":"marque_vehicule","embeddable":true,"href":"https:\/\/eligor.idcomcrea.fr\/en\/wp-json\/wp\/v2\/marque_vehicule?post=22747"},{"taxonomy":"theme_vehicule","embeddable":true,"href":"https:\/\/eligor.idcomcrea.fr\/en\/wp-json\/wp\/v2\/theme_vehicule?post=22747"}],"curies":[{"name":"wp","href":"https:\/\/api.w.org\/{rel}","templated":true}]}}