{"id":22659,"date":"2025-12-23T19:10:11","date_gmt":"2025-12-23T18:10:11","guid":{"rendered":"https:\/\/eligor.idcomcrea.fr\/collectionneurs\/boutique\/22654\/"},"modified":"2026-03-25T14:48:01","modified_gmt":"2026-03-25T13:48:01","slug":"22654","status":"publish","type":"product","link":"https:\/\/eligor.idcomcrea.fr\/en\/collectionneurs\/boutique\/22654\/","title":{"rendered":"118607 DAF XG REMORQUE FOURGON RDV TRANSPORTS"},"content":{"rendered":"","protected":false},"excerpt":{"rendered":"<p>DAF XG REMORQUE FOURGON RDV TRANSPORTS<\/p>\n<p>mod\u00e8le \u00e0 l&#8217;\u00e9chelle 1\/43\u00e8me<\/p>\n","protected":false},"featured_media":22656,"template":"","meta":{"_acf_changed":false},"product_brand":[],"product_cat":[205],"product_tag":[],"type_vehicule":[208],"marque_vehicule":[222],"theme_vehicule":[],"class_list":{"0":"post-22659","1":"product","2":"type-product","3":"status-publish","4":"has-post-thumbnail","6":"product_cat-daf-en","7":"type_vehicule-truck","8":"marque_vehicule-daf-en","10":"first","11":"instock","12":"taxable","13":"shipping-taxable","14":"purchasable","15":"product-type-simple"},"acf":[],"_links":{"self":[{"href":"https:\/\/eligor.idcomcrea.fr\/en\/wp-json\/wp\/v2\/product\/22659","targetHints":{"allow":["GET"]}}],"collection":[{"href":"https:\/\/eligor.idcomcrea.fr\/en\/wp-json\/wp\/v2\/product"}],"about":[{"href":"https:\/\/eligor.idcomcrea.fr\/en\/wp-json\/wp\/v2\/types\/product"}],"wp:featuredmedia":[{"embeddable":true,"href":"https:\/\/eligor.idcomcrea.fr\/en\/wp-json\/wp\/v2\/media\/22656"}],"wp:attachment":[{"href":"https:\/\/eligor.idcomcrea.fr\/en\/wp-json\/wp\/v2\/media?parent=22659"}],"wp:term":[{"taxonomy":"product_brand","embeddable":true,"href":"https:\/\/eligor.idcomcrea.fr\/en\/wp-json\/wp\/v2\/product_brand?post=22659"},{"taxonomy":"product_cat","embeddable":true,"href":"https:\/\/eligor.idcomcrea.fr\/en\/wp-json\/wp\/v2\/product_cat?post=22659"},{"taxonomy":"product_tag","embeddable":true,"href":"https:\/\/eligor.idcomcrea.fr\/en\/wp-json\/wp\/v2\/product_tag?post=22659"},{"taxonomy":"type_vehicule","embeddable":true,"href":"https:\/\/eligor.idcomcrea.fr\/en\/wp-json\/wp\/v2\/type_vehicule?post=22659"},{"taxonomy":"marque_vehicule","embeddable":true,"href":"https:\/\/eligor.idcomcrea.fr\/en\/wp-json\/wp\/v2\/marque_vehicule?post=22659"},{"taxonomy":"theme_vehicule","embeddable":true,"href":"https:\/\/eligor.idcomcrea.fr\/en\/wp-json\/wp\/v2\/theme_vehicule?post=22659"}],"curies":[{"name":"wp","href":"https:\/\/api.w.org\/{rel}","templated":true}]}}