{"id":14567,"date":"2022-01-20T16:18:26","date_gmt":"2022-01-20T15:18:26","guid":{"rendered":"https:\/\/eligor.idcomcrea.fr\/collectionneurs\/boutique\/116292-tracteur-iveco-stralis-hi-way-bleu\/"},"modified":"2022-01-20T16:18:26","modified_gmt":"2022-01-20T15:18:26","slug":"116292-tracteur-iveco-stralis-hi-way-bleu","status":"publish","type":"product","link":"https:\/\/eligor.idcomcrea.fr\/en\/collectionneurs\/boutique\/116292-tracteur-iveco-stralis-hi-way-bleu\/","title":{"rendered":"TRACTEUR IVECO STRALIS HI WAY BLEU"},"content":{"rendered":"<p>Derni\u00e8re g\u00e9n\u00e9ration des tracteurs IVECO. Mod\u00e8le lanc\u00e9 dans toute l&#8217;Europe en 2017.<\/p>\n","protected":false},"excerpt":{"rendered":"<p>Derni\u00e8re g\u00e9n\u00e9ration des tracteurs IVECO. Mod\u00e8le lanc\u00e9 dans toute l&#8217;Europe en 2017.<\/p>\n","protected":false},"featured_media":12675,"template":"","meta":{"_acf_changed":false},"product_brand":[],"product_cat":[],"product_tag":[],"type_vehicule":[208],"marque_vehicule":[213],"theme_vehicule":[],"class_list":{"0":"post-14567","1":"product","2":"type-product","3":"status-publish","4":"has-post-thumbnail","6":"type_vehicule-truck","7":"marque_vehicule-iveco-en","9":"first","10":"instock","11":"taxable","12":"shipping-taxable","13":"product-type-simple"},"acf":[],"_links":{"self":[{"href":"https:\/\/eligor.idcomcrea.fr\/en\/wp-json\/wp\/v2\/product\/14567","targetHints":{"allow":["GET"]}}],"collection":[{"href":"https:\/\/eligor.idcomcrea.fr\/en\/wp-json\/wp\/v2\/product"}],"about":[{"href":"https:\/\/eligor.idcomcrea.fr\/en\/wp-json\/wp\/v2\/types\/product"}],"wp:featuredmedia":[{"embeddable":true,"href":"https:\/\/eligor.idcomcrea.fr\/en\/wp-json\/wp\/v2\/media\/12675"}],"wp:attachment":[{"href":"https:\/\/eligor.idcomcrea.fr\/en\/wp-json\/wp\/v2\/media?parent=14567"}],"wp:term":[{"taxonomy":"product_brand","embeddable":true,"href":"https:\/\/eligor.idcomcrea.fr\/en\/wp-json\/wp\/v2\/product_brand?post=14567"},{"taxonomy":"product_cat","embeddable":true,"href":"https:\/\/eligor.idcomcrea.fr\/en\/wp-json\/wp\/v2\/product_cat?post=14567"},{"taxonomy":"product_tag","embeddable":true,"href":"https:\/\/eligor.idcomcrea.fr\/en\/wp-json\/wp\/v2\/product_tag?post=14567"},{"taxonomy":"type_vehicule","embeddable":true,"href":"https:\/\/eligor.idcomcrea.fr\/en\/wp-json\/wp\/v2\/type_vehicule?post=14567"},{"taxonomy":"marque_vehicule","embeddable":true,"href":"https:\/\/eligor.idcomcrea.fr\/en\/wp-json\/wp\/v2\/marque_vehicule?post=14567"},{"taxonomy":"theme_vehicule","embeddable":true,"href":"https:\/\/eligor.idcomcrea.fr\/en\/wp-json\/wp\/v2\/theme_vehicule?post=14567"}],"curies":[{"name":"wp","href":"https:\/\/api.w.org\/{rel}","templated":true}]}}